{"id":490,"date":"2021-04-07T17:58:25","date_gmt":"2021-04-07T14:58:25","guid":{"rendered":"https:\/\/taksimestari.fi\/turku\/?page_id=490"},"modified":"2021-04-28T15:32:09","modified_gmt":"2021-04-28T12:32:09","slug":"coming-soon","status":"publish","type":"page","link":"https:\/\/taksimestari.fi\/turku\/","title":{"rendered":"Coming Soon!"},"content":{"rendered":"[vc_row type=&#8221;full_width_background&#8221; full_screen_row_position=&#8221;middle&#8221; column_margin=&#8221;default&#8221; column_direction=&#8221;default&#8221; column_direction_tablet=&#8221;default&#8221; column_direction_phone=&#8221;default&#8221; bg_color=&#8221;#ffffff&#8221; bg_image=&#8221;229&#8243; bg_position=&#8221;center center&#8221; bg_repeat=&#8221;no-repeat&#8221; full_height=&#8221;yes&#8221; scene_position=&#8221;center&#8221; text_color=&#8221;dark&#8221; text_align=&#8221;left&#8221; row_border_radius=&#8221;none&#8221; row_border_radius_applies=&#8221;bg&#8221; enable_gradient=&#8221;true&#8221; color_overlay=&#8221;#000000&#8243; overlay_strength=&#8221;0.5&#8243; gradient_direction=&#8221;left_to_right&#8221; shape_divider_position=&#8221;bottom&#8221; bg_image_animation=&#8221;none&#8221; shape_type=&#8221;&#8221;][vc_column column_padding=&#8221;no-extra-padding&#8221; column_padding_tablet=&#8221;inherit&#8221; column_padding_phone=&#8221;inherit&#8221; column_padding_position=&#8221;all&#8221; centered_text=&#8221;true&#8221; background_color_opacity=&#8221;1&#8243; background_hover_color_opacity=&#8221;1&#8243; column_shadow=&#8221;none&#8221; column_border_radius=&#8221;none&#8221; column_link_target=&#8221;_self&#8221; gradient_direction=&#8221;left_to_right&#8221; overlay_strength=&#8221;0.3&#8243; width=&#8221;1\/1&#8243; tablet_width_inherit=&#8221;default&#8221; tablet_text_alignment=&#8221;default&#8221; phone_text_alignment=&#8221;default&#8221; column_border_width=&#8221;none&#8221; column_border_style=&#8221;solid&#8221; bg_image_animation=&#8221;none&#8221;][vc_custom_heading text=&#8221;Taksi Turku&#8221; font_container=&#8221;tag:h1|text_align:center|color:%23ffffff&#8221; use_theme_fonts=&#8221;yes&#8221;][vc_custom_heading text=&#8221;Tulossa pian!&#8221; font_container=&#8221;tag:h2|text_align:center|color:%23ffd606&#8243; use_theme_fonts=&#8221;yes&#8221;][nectar_btn size=&#8221;large&#8221; button_style=&#8221;regular&#8221; button_color_2=&#8221;Accent-Color&#8221; icon_family=&#8221;fontawesome&#8221; text=&#8221;Palaa etusivulle&#8221; margin_top=&#8221;30&#8243; url=&#8221;https:\/\/taksimestari.fi&#8221; icon_fontawesome=&#8221;fa fa-undo&#8221;][\/vc_column][\/vc_row]\n","protected":false},"excerpt":{"rendered":"<p>[vc_row type=&#8221;full_width_background&#8221; full_screen_row_position=&#8221;middle&#8221; column_margin=&#8221;default&#8221; column_direction=&#8221;default&#8221; column_direction_tablet=&#8221;default&#8221; column_direction_phone=&#8221;default&#8221; bg_color=&#8221;#ffffff&#8221; bg_image=&#8221;229&#8243; bg_position=&#8221;center center&#8221; bg_repeat=&#8221;no-repeat&#8221; full_height=&#8221;yes&#8221; scene_position=&#8221;center&#8221; text_color=&#8221;dark&#8221; text_align=&#8221;left&#8221; row_border_radius=&#8221;none&#8221; row_border_radius_applies=&#8221;bg&#8221; enable_gradient=&#8221;true&#8221; color_overlay=&#8221;#000000&#8243; overlay_strength=&#8221;0.5&#8243; gradient_direction=&#8221;left_to_right&#8221; shape_divider_position=&#8221;bottom&#8221; bg_image_animation=&#8221;none&#8221; shape_type=&#8221;&#8221;][vc_column column_padding=&#8221;no-extra-padding&#8221; column_padding_tablet=&#8221;inherit&#8221; column_padding_phone=&#8221;inherit&#8221; column_padding_position=&#8221;all&#8221; centered_text=&#8221;true&#8221;&#8230;<\/p>\n","protected":false},"author":1,"featured_media":0,"parent":0,"menu_order":0,"comment_status":"closed","ping_status":"closed","template":"template-no-header-footer.php","meta":{"footnotes":""},"class_list":["post-490","page","type-page","status-publish"],"yoast_head":"<!-- This site is optimized with the Yoast SEO plugin v27.5 - https:\/\/yoast.com\/product\/yoast-seo-wordpress\/ -->\n<title>Coming Soon! - Taksi Turku<\/title>\n<meta name=\"description\" content=\"Taksimestarin kyydiss\u00e4 kuljet turvallisesti, mukavasti ja t\u00e4sm\u00e4llisesti. Palvelemme yksityis- ja yritysasiakkaita kaikissa kuljetustarpeissa.\" \/>\n<meta name=\"robots\" content=\"index, follow, max-snippet:-1, max-image-preview:large, max-video-preview:-1\" \/>\n<link rel=\"canonical\" href=\"https:\/\/taksimestari.fi\/turku\/\" \/>\n<meta property=\"og:locale\" content=\"fi_FI\" \/>\n<meta property=\"og:type\" content=\"article\" \/>\n<meta property=\"og:title\" content=\"Coming Soon! - Taksi Turku\" \/>\n<meta property=\"og:description\" content=\"Taksimestarin kyydiss\u00e4 kuljet turvallisesti, mukavasti ja t\u00e4sm\u00e4llisesti. Palvelemme yksityis- ja yritysasiakkaita kaikissa kuljetustarpeissa.\" \/>\n<meta property=\"og:url\" content=\"https:\/\/taksimestari.fi\/turku\/\" \/>\n<meta property=\"og:site_name\" content=\"Taksi Turku\" \/>\n<meta property=\"article:modified_time\" content=\"2021-04-28T12:32:09+00:00\" \/>\n<meta name=\"twitter:card\" content=\"summary_large_image\" \/>\n<meta name=\"twitter:label1\" content=\"Arvioitu lukuaika\" \/>\n\t<meta name=\"twitter:data1\" content=\"1 minuutti\" \/>\n<script type=\"application\/ld+json\" class=\"yoast-schema-graph\">{\"@context\":\"https:\\\/\\\/schema.org\",\"@graph\":[{\"@type\":\"WebPage\",\"@id\":\"https:\\\/\\\/taksimestari.fi\\\/turku\\\/\",\"url\":\"https:\\\/\\\/taksimestari.fi\\\/turku\\\/\",\"name\":\"Coming Soon! - Taksi Turku\",\"isPartOf\":{\"@id\":\"https:\\\/\\\/taksimestari.fi\\\/turku\\\/#website\"},\"datePublished\":\"2021-04-07T14:58:25+00:00\",\"dateModified\":\"2021-04-28T12:32:09+00:00\",\"description\":\"Taksimestarin kyydiss\u00e4 kuljet turvallisesti, mukavasti ja t\u00e4sm\u00e4llisesti. Palvelemme yksityis- ja yritysasiakkaita kaikissa kuljetustarpeissa.\",\"breadcrumb\":{\"@id\":\"https:\\\/\\\/taksimestari.fi\\\/turku\\\/#breadcrumb\"},\"inLanguage\":\"fi\",\"potentialAction\":[{\"@type\":\"ReadAction\",\"target\":[\"https:\\\/\\\/taksimestari.fi\\\/turku\\\/\"]}]},{\"@type\":\"BreadcrumbList\",\"@id\":\"https:\\\/\\\/taksimestari.fi\\\/turku\\\/#breadcrumb\",\"itemListElement\":[{\"@type\":\"ListItem\",\"position\":1,\"name\":\"Etusivu\",\"item\":\"https:\\\/\\\/taksimestari.fi\\\/turku\\\/\"},{\"@type\":\"ListItem\",\"position\":2,\"name\":\"Coming Soon!\"}]},{\"@type\":\"WebSite\",\"@id\":\"https:\\\/\\\/taksimestari.fi\\\/turku\\\/#website\",\"url\":\"https:\\\/\\\/taksimestari.fi\\\/turku\\\/\",\"name\":\"Taksi Turku - Taksimestari\",\"description\":\"Taksi Rauma - Taksi Turku\",\"publisher\":{\"@id\":\"https:\\\/\\\/taksimestari.fi\\\/turku\\\/#organization\"},\"potentialAction\":[{\"@type\":\"SearchAction\",\"target\":{\"@type\":\"EntryPoint\",\"urlTemplate\":\"https:\\\/\\\/taksimestari.fi\\\/turku\\\/?s={search_term_string}\"},\"query-input\":{\"@type\":\"PropertyValueSpecification\",\"valueRequired\":true,\"valueName\":\"search_term_string\"}}],\"inLanguage\":\"fi\"},{\"@type\":\"Organization\",\"@id\":\"https:\\\/\\\/taksimestari.fi\\\/turku\\\/#organization\",\"name\":\"Taksi Turku\",\"url\":\"https:\\\/\\\/taksimestari.fi\\\/turku\\\/\",\"logo\":{\"@type\":\"ImageObject\",\"inLanguage\":\"fi\",\"@id\":\"https:\\\/\\\/taksimestari.fi\\\/turku\\\/#\\\/schema\\\/logo\\\/image\\\/\",\"url\":\"https:\\\/\\\/taksimestari.fi\\\/turku\\\/wp-content\\\/uploads\\\/sites\\\/4\\\/2021\\\/02\\\/taksimestari_logo_500-2.png\",\"contentUrl\":\"https:\\\/\\\/taksimestari.fi\\\/turku\\\/wp-content\\\/uploads\\\/sites\\\/4\\\/2021\\\/02\\\/taksimestari_logo_500-2.png\",\"width\":500,\"height\":383,\"caption\":\"Taksi Turku\"},\"image\":{\"@id\":\"https:\\\/\\\/taksimestari.fi\\\/turku\\\/#\\\/schema\\\/logo\\\/image\\\/\"}}]}<\/script>\n<!-- \/ Yoast SEO plugin. -->","yoast_head_json":{"title":"Coming Soon! - Taksi Turku","description":"Taksimestarin kyydiss\u00e4 kuljet turvallisesti, mukavasti ja t\u00e4sm\u00e4llisesti. Palvelemme yksityis- ja yritysasiakkaita kaikissa kuljetustarpeissa.","robots":{"index":"index","follow":"follow","max-snippet":"max-snippet:-1","max-image-preview":"max-image-preview:large","max-video-preview":"max-video-preview:-1"},"canonical":"https:\/\/taksimestari.fi\/turku\/","og_locale":"fi_FI","og_type":"article","og_title":"Coming Soon! - Taksi Turku","og_description":"Taksimestarin kyydiss\u00e4 kuljet turvallisesti, mukavasti ja t\u00e4sm\u00e4llisesti. Palvelemme yksityis- ja yritysasiakkaita kaikissa kuljetustarpeissa.","og_url":"https:\/\/taksimestari.fi\/turku\/","og_site_name":"Taksi Turku","article_modified_time":"2021-04-28T12:32:09+00:00","twitter_card":"summary_large_image","twitter_misc":{"Arvioitu lukuaika":"1 minuutti"},"schema":{"@context":"https:\/\/schema.org","@graph":[{"@type":"WebPage","@id":"https:\/\/taksimestari.fi\/turku\/","url":"https:\/\/taksimestari.fi\/turku\/","name":"Coming Soon! - Taksi Turku","isPartOf":{"@id":"https:\/\/taksimestari.fi\/turku\/#website"},"datePublished":"2021-04-07T14:58:25+00:00","dateModified":"2021-04-28T12:32:09+00:00","description":"Taksimestarin kyydiss\u00e4 kuljet turvallisesti, mukavasti ja t\u00e4sm\u00e4llisesti. Palvelemme yksityis- ja yritysasiakkaita kaikissa kuljetustarpeissa.","breadcrumb":{"@id":"https:\/\/taksimestari.fi\/turku\/#breadcrumb"},"inLanguage":"fi","potentialAction":[{"@type":"ReadAction","target":["https:\/\/taksimestari.fi\/turku\/"]}]},{"@type":"BreadcrumbList","@id":"https:\/\/taksimestari.fi\/turku\/#breadcrumb","itemListElement":[{"@type":"ListItem","position":1,"name":"Etusivu","item":"https:\/\/taksimestari.fi\/turku\/"},{"@type":"ListItem","position":2,"name":"Coming Soon!"}]},{"@type":"WebSite","@id":"https:\/\/taksimestari.fi\/turku\/#website","url":"https:\/\/taksimestari.fi\/turku\/","name":"Taksi Turku - Taksimestari","description":"Taksi Rauma - Taksi Turku","publisher":{"@id":"https:\/\/taksimestari.fi\/turku\/#organization"},"potentialAction":[{"@type":"SearchAction","target":{"@type":"EntryPoint","urlTemplate":"https:\/\/taksimestari.fi\/turku\/?s={search_term_string}"},"query-input":{"@type":"PropertyValueSpecification","valueRequired":true,"valueName":"search_term_string"}}],"inLanguage":"fi"},{"@type":"Organization","@id":"https:\/\/taksimestari.fi\/turku\/#organization","name":"Taksi Turku","url":"https:\/\/taksimestari.fi\/turku\/","logo":{"@type":"ImageObject","inLanguage":"fi","@id":"https:\/\/taksimestari.fi\/turku\/#\/schema\/logo\/image\/","url":"https:\/\/taksimestari.fi\/turku\/wp-content\/uploads\/sites\/4\/2021\/02\/taksimestari_logo_500-2.png","contentUrl":"https:\/\/taksimestari.fi\/turku\/wp-content\/uploads\/sites\/4\/2021\/02\/taksimestari_logo_500-2.png","width":500,"height":383,"caption":"Taksi Turku"},"image":{"@id":"https:\/\/taksimestari.fi\/turku\/#\/schema\/logo\/image\/"}}]}},"_links":{"self":[{"href":"https:\/\/taksimestari.fi\/turku\/wp-json\/wp\/v2\/pages\/490","targetHints":{"allow":["GET"]}}],"collection":[{"href":"https:\/\/taksimestari.fi\/turku\/wp-json\/wp\/v2\/pages"}],"about":[{"href":"https:\/\/taksimestari.fi\/turku\/wp-json\/wp\/v2\/types\/page"}],"author":[{"embeddable":true,"href":"https:\/\/taksimestari.fi\/turku\/wp-json\/wp\/v2\/users\/1"}],"replies":[{"embeddable":true,"href":"https:\/\/taksimestari.fi\/turku\/wp-json\/wp\/v2\/comments?post=490"}],"version-history":[{"count":11,"href":"https:\/\/taksimestari.fi\/turku\/wp-json\/wp\/v2\/pages\/490\/revisions"}],"predecessor-version":[{"id":537,"href":"https:\/\/taksimestari.fi\/turku\/wp-json\/wp\/v2\/pages\/490\/revisions\/537"}],"wp:attachment":[{"href":"https:\/\/taksimestari.fi\/turku\/wp-json\/wp\/v2\/media?parent=490"}],"curies":[{"name":"wp","href":"https:\/\/api.w.org\/{rel}","templated":true}]}}