{"id":350,"date":"2021-02-16T09:50:17","date_gmt":"2021-02-16T07:50:17","guid":{"rendered":"https:\/\/taksimestari.fi\/rauma\/?page_id=350"},"modified":"2022-01-13T19:32:50","modified_gmt":"2022-01-13T17:32:50","slug":"ota-yhteytta","status":"publish","type":"page","link":"https:\/\/taksimestari.fi\/rauma\/ota-yhteytta","title":{"rendered":"Ota yhteytt\u00e4"},"content":{"rendered":"[vc_row type=&#8221;full_width_background&#8221; full_screen_row_position=&#8221;middle&#8221; column_margin=&#8221;default&#8221; column_direction=&#8221;default&#8221; column_direction_tablet=&#8221;default&#8221; column_direction_phone=&#8221;default&#8221; bg_color=&#8221;#ffffff&#8221; bg_image=&#8221;814&#8243; bg_position=&#8221;center center&#8221; bg_repeat=&#8221;no-repeat&#8221; scene_position=&#8221;center&#8221; top_padding=&#8221;10%&#8221; bottom_padding=&#8221;7%&#8221; text_color=&#8221;dark&#8221; text_align=&#8221;left&#8221; row_border_radius=&#8221;none&#8221; row_border_radius_applies=&#8221;bg&#8221; enable_gradient=&#8221;true&#8221; color_overlay=&#8221;#000a2b&#8221; overlay_strength=&#8221;0.8&#8243; gradient_direction=&#8221;left_to_right&#8221; shape_divider_position=&#8221;bottom&#8221; bg_image_animation=&#8221;none&#8221; shape_type=&#8221;&#8221;][vc_column column_padding=&#8221;no-extra-padding&#8221; column_padding_tablet=&#8221;inherit&#8221; column_padding_phone=&#8221;inherit&#8221; column_padding_position=&#8221;all&#8221; background_color_opacity=&#8221;1&#8243; background_hover_color_opacity=&#8221;1&#8243; column_shadow=&#8221;none&#8221; column_border_radius=&#8221;none&#8221; column_link_target=&#8221;_self&#8221; gradient_direction=&#8221;left_to_right&#8221; overlay_strength=&#8221;0.3&#8243; width=&#8221;1\/1&#8243; tablet_width_inherit=&#8221;default&#8221; tablet_text_alignment=&#8221;default&#8221; phone_text_alignment=&#8221;default&#8221; column_border_width=&#8221;none&#8221; column_border_style=&#8221;solid&#8221; bg_image_animation=&#8221;none&#8221;][vc_custom_heading text=&#8221;Ota yhteytt\u00e4&#8221; font_container=&#8221;tag:h1|text_align:left|color:%23ffffff&#8221; use_theme_fonts=&#8221;yes&#8221;][\/vc_column][\/vc_row][vc_row type=&#8221;full_width_background&#8221; full_screen_row_position=&#8221;middle&#8221; column_margin=&#8221;default&#8221; equal_height=&#8221;yes&#8221; content_placement=&#8221;middle&#8221; column_direction=&#8221;default&#8221; column_direction_tablet=&#8221;column_reverse&#8221; column_direction_phone=&#8221;column_reverse&#8221; scene_position=&#8221;center&#8221; top_padding=&#8221;7%&#8221; constrain_group_1=&#8221;yes&#8221; bottom_padding=&#8221;7%&#8221; text_color=&#8221;custom&#8221; custom_text_color=&#8221;#293a73&#8243; text_align=&#8221;left&#8221; row_border_radius=&#8221;none&#8221; row_border_radius_applies=&#8221;bg&#8221; id=&#8221;yhteys&#8221; overlay_strength=&#8221;0.5&#8243; gradient_direction=&#8221;left_to_right&#8221; shape_divider_position=&#8221;bottom&#8221; bg_image_animation=&#8221;none&#8221; shape_type=&#8221;&#8221;][vc_column column_padding=&#8221;no-extra-padding&#8221; column_padding_tablet=&#8221;inherit&#8221; column_padding_phone=&#8221;inherit&#8221; column_padding_position=&#8221;all&#8221; background_color_opacity=&#8221;1&#8243; background_hover_color_opacity=&#8221;1&#8243; column_shadow=&#8221;none&#8221; column_border_radius=&#8221;none&#8221; column_link_target=&#8221;_self&#8221; gradient_direction=&#8221;left_to_right&#8221; overlay_strength=&#8221;0.3&#8243; width=&#8221;1\/2&#8243; tablet_width_inherit=&#8221;default&#8221; tablet_text_alignment=&#8221;default&#8221; phone_text_alignment=&#8221;default&#8221; column_border_width=&#8221;none&#8221; column_border_style=&#8221;solid&#8221; bg_image_animation=&#8221;none&#8221;][vc_custom_heading text=&#8221;Taksimestari&#8221; font_container=&#8221;tag:h2|font_size:30|text_align:left|color:%23293a73|line_height:40px&#8221; use_theme_fonts=&#8221;yes&#8221;][vc_column_text]<strong>Taksi Rauma <a href=\"tel:+3581004560\">0100 4560<\/a><br \/>\nMA-PE KLO 7-17<br \/>\n<\/strong>(1,50 \u20ac\/puhelu + pvm\/mpm)<\/p>\n<p>MUINA AIKOINA PALVELEMME ENNAKKOTILAUKSELLA.\u00a0 Tee tilaus v\u00e4hint\u00e4\u00e4n 24h ennen matkaa.<\/p>\n<p><strong>Tmi Taksiliikenne Suominen<\/strong><br \/>\nY-tunnus 1802858-9<br \/>\n<a href=\"mailto:info@taksimestari.fi\">info@taksimestari.fi<br \/>\n<\/a><a href=\"tel:+358 50 337 3735\">0<span style=\"font-weight: 400;\">50 337 3735<\/span><\/a><\/p>\n<p><strong>Haluatko antaa palautetta?\u00a0<\/strong><br \/>\nKuulemme mielell\u00e4mme palautettasi &#8211; se on meille arvokasta! L\u00e4het\u00e4 palautteesi oheisella lomakkeella. Kiitos ajastasi![\/vc_column_text][image_with_animation image_url=&#8221;520&#8243; animation=&#8221;Fade In&#8221; hover_animation=&#8221;none&#8221; alignment=&#8221;&#8221; border_radius=&#8221;none&#8221; box_shadow=&#8221;none&#8221; image_loading=&#8221;default&#8221; max_width=&#8221;100%&#8221; max_width_mobile=&#8221;default&#8221;][\/vc_column][vc_column column_padding=&#8221;padding-5-percent&#8221; column_padding_tablet=&#8221;inherit&#8221; column_padding_phone=&#8221;inherit&#8221; column_padding_position=&#8221;all&#8221; background_color=&#8221;#ffd606&#8243; background_color_opacity=&#8221;1&#8243; background_hover_color_opacity=&#8221;1&#8243; column_shadow=&#8221;none&#8221; column_border_radius=&#8221;none&#8221; column_link_target=&#8221;_self&#8221; gradient_direction=&#8221;left_to_right&#8221; overlay_strength=&#8221;0.3&#8243; width=&#8221;1\/2&#8243; tablet_width_inherit=&#8221;default&#8221; tablet_text_alignment=&#8221;default&#8221; phone_text_alignment=&#8221;default&#8221; column_border_width=&#8221;none&#8221; column_border_style=&#8221;solid&#8221; bg_image_animation=&#8221;none&#8221;][vc_custom_heading text=&#8221;Tee ennakkotilaus tai anna palautetta&#8221; font_container=&#8221;tag:h2|font_size:30|text_align:left|color:%23293a73|line_height:40px&#8221; use_theme_fonts=&#8221;yes&#8221;][vc_custom_heading text=&#8221;Tee ennakkotilaus v\u00e4hint\u00e4\u00e4n 24 tuntia ennen matkan alkua. Vahvistamme aina ennakkotilauksesi joko tekstiviestill\u00e4 tai s\u00e4hk\u00f6postitse viimeist\u00e4\u00e4n 6 tuntia ennen matkan alkua.&#8221; font_container=&#8221;tag:p|text_align:left|color:%23293a73&#8243; use_theme_fonts=&#8221;yes&#8221;]<div class=\"wpforms-container wpforms-container-full\" id=\"wpforms-357\"><form id=\"wpforms-form-357\" class=\"wpforms-validate wpforms-form\" data-formid=\"357\" method=\"post\" enctype=\"multipart\/form-data\" action=\"\/rauma\/wp-json\/wp\/v2\/pages\/350\" data-token=\"6030e72aa993ce9f9afc214f221f8868\" data-token-time=\"1777746534\"><noscript class=\"wpforms-error-noscript\">Please enable JavaScript in your browser to complete this form.<\/noscript><div class=\"wpforms-field-container\"><div id=\"wpforms-357-field_1-container\" class=\"wpforms-field wpforms-field-text\" data-field-id=\"1\"><label class=\"wpforms-field-label wpforms-label-hide\" for=\"wpforms-357-field_1\">Nimi <span class=\"wpforms-required-label\">*<\/span><\/label><input type=\"text\" id=\"wpforms-357-field_1\" class=\"wpforms-field-large wpforms-field-required\" name=\"wpforms[fields][1]\" placeholder=\"Nimi*\" required><\/div><div id=\"wpforms-357-field_2-container\" class=\"wpforms-field wpforms-field-text\" data-field-id=\"2\"><label class=\"wpforms-field-label wpforms-label-hide\" for=\"wpforms-357-field_2\">Puhelinnumero <span class=\"wpforms-required-label\">*<\/span><\/label><input type=\"text\" id=\"wpforms-357-field_2\" class=\"wpforms-field-large wpforms-field-required\" name=\"wpforms[fields][2]\" placeholder=\"Puhelinnumero*\" required><\/div><div id=\"wpforms-357-field_3-container\" class=\"wpforms-field wpforms-field-email\" data-field-id=\"3\"><label class=\"wpforms-field-label wpforms-label-hide\" for=\"wpforms-357-field_3\">S\u00e4hk\u00f6postiosoite<\/label><input type=\"email\" id=\"wpforms-357-field_3\" class=\"wpforms-field-large\" name=\"wpforms[fields][3]\" placeholder=\"S\u00e4hk\u00f6postiosoite\" spellcheck=\"false\" ><\/div><div id=\"wpforms-357-field_4-container\" class=\"wpforms-field wpforms-field-text\" data-field-id=\"4\"><label class=\"wpforms-field-label wpforms-label-hide\" for=\"wpforms-357-field_4\">L\u00e4ht\u00f6osoite<\/label><input type=\"text\" id=\"wpforms-357-field_4\" class=\"wpforms-field-large\" name=\"wpforms[fields][4]\" placeholder=\"L\u00e4ht\u00f6osoite\" ><\/div><div id=\"wpforms-357-field_5-container\" class=\"wpforms-field wpforms-field-text\" data-field-id=\"5\"><label class=\"wpforms-field-label wpforms-label-hide\" for=\"wpforms-357-field_5\">M\u00e4\u00e4r\u00e4np\u00e4\u00e4n osoite<\/label><input type=\"text\" id=\"wpforms-357-field_5\" class=\"wpforms-field-large\" name=\"wpforms[fields][5]\" placeholder=\"M\u00e4\u00e4r\u00e4np\u00e4\u00e4n osoite\" ><\/div><div id=\"wpforms-357-field_6-container\" class=\"wpforms-field wpforms-field-date-time\" data-field-id=\"6\"><label class=\"wpforms-field-label wpforms-label-hide\" for=\"wpforms-357-field_6\">Date \/ Time<\/label><div class=\"wpforms-field-row wpforms-field-large\"><div class=\"wpforms-field-row-block wpforms-date-type-datepicker\"><div class=\"wpforms-datepicker-wrap\"><input type=\"text\" id=\"wpforms-357-field_6\" class=\"wpforms-field-date-time-date wpforms-datepicker\" data-date-format=\"d\/m\/Y\" data-disable-past-dates=\"1\" data-disable-todays-date=\"0\" data-input=\"true\" name=\"wpforms[fields][6][date]\" placeholder=\"Valitse p\u00e4iv\u00e4 klikkaamalla\" ><a title=\"Clear Date\" data-clear class=\"wpforms-datepicker-clear\" style=\"display:none;\"><\/a><\/div><label for=\"wpforms-357-field_6\" class=\"wpforms-field-sublabel after wpforms-sublabel-hide\">Date<\/label><\/div><div class=\"wpforms-field-row-block\"><input type=\"text\" id=\"wpforms-357-field_6-time\" class=\"wpforms-field-date-time-time wpforms-timepicker\" data-time-format=\"H:i\" data-step=\"15\" data-rule-time24h=\"true\" name=\"wpforms[fields][6][time]\" placeholder=\"Valitse aika klikkaamalla\" ><label for=\"wpforms-357-field_6-time\" class=\"wpforms-field-sublabel after wpforms-sublabel-hide\">Time<\/label><\/div><\/div><\/div><div id=\"wpforms-357-field_7-container\" class=\"wpforms-field wpforms-field-textarea\" data-field-id=\"7\"><label class=\"wpforms-field-label wpforms-label-hide\" for=\"wpforms-357-field_7\">Viesti<\/label><textarea id=\"wpforms-357-field_7\" class=\"wpforms-field-medium\" name=\"wpforms[fields][7]\" placeholder=\"Viesti \/ lis\u00e4tietoja matkasta\" ><\/textarea><\/div><div id=\"wpforms-357-field_8-container\" class=\"wpforms-field wpforms-field-gdpr-checkbox\" data-field-id=\"8\"><label class=\"wpforms-field-label wpforms-label-hide\">Tietosuoja <span class=\"wpforms-required-label\">*<\/span><\/label><ul id=\"wpforms-357-field_8\" class=\"wpforms-field-required\"><li class=\"choice-1\"><input type=\"checkbox\" id=\"wpforms-357-field_8_1\" name=\"wpforms[fields][8][]\" value=\"Hyv\u00e4ksyn tietojeni k\u00e4yt\u00f6n alatunnisteesta l\u00f6ytyv\u00e4n &lt;a href=\/tietosuoja target=&quot;_blank&quot;&gt;tietosuojaselosteen&lt;\/a&gt; mukaisesti.\" required ><label class=\"wpforms-field-label-inline\" for=\"wpforms-357-field_8_1\">Hyv\u00e4ksyn tietojeni k\u00e4yt\u00f6n alatunnisteesta l\u00f6ytyv\u00e4n <a href=\"\/tietosuoja\" target=\"_blank\">tietosuojaselosteen<\/a> mukaisesti. <span class=\"wpforms-required-label\">*<\/span><\/label><\/li><\/ul><\/div><div id=\"wpforms-357-field_12-container\" class=\"wpforms-field wpforms-field-checkbox\" data-field-id=\"12\"><label class=\"wpforms-field-label wpforms-label-hide\" for=\"wpforms-357-field_12\">Uutiskirje<\/label><ul id=\"wpforms-357-field_12\"><li class=\"choice-1 depth-1\"><input type=\"checkbox\" id=\"wpforms-357-field_12_1\" name=\"wpforms[fields][12][]\" value=\"Haluan tilata Taksimestarin s\u00e4hk\u00f6isen uutiskirjeen. L\u00e4het\u00e4mme s\u00e4hk\u00f6postia korkeintaan kerran kuukaudessa. Voit koska tahansa peruuttaa uutiskirjeen tilauksen. Tilaamalla uutiskirjeen annat suostumuksen tietojesi k\u00e4sittelyyn tietosuojaselosteemme mukaisesti.\"  ><label class=\"wpforms-field-label-inline\" for=\"wpforms-357-field_12_1\">Haluan tilata Taksimestarin s\u00e4hk\u00f6isen uutiskirjeen. L\u00e4het\u00e4mme s\u00e4hk\u00f6postia korkeintaan kerran kuukaudessa. Voit koska tahansa peruuttaa uutiskirjeen tilauksen. Tilaamalla uutiskirjeen annat suostumuksen tietojesi k\u00e4sittelyyn tietosuojaselosteemme mukaisesti.<\/label><\/li><\/ul><\/div><\/div><!-- .wpforms-field-container --><div class=\"wpforms-recaptcha-container wpforms-is-recaptcha wpforms-is-recaptcha-type-invisible\" ><div class=\"g-recaptcha\" data-sitekey=\"6Lcj-0oaAAAAAEb0JUSj80eZODOQYQf8-eMYD8QI\" data-size=\"invisible\"><\/div><\/div><div class=\"wpforms-submit-container\" ><input type=\"hidden\" name=\"wpforms[id]\" value=\"357\"><input type=\"hidden\" name=\"page_title\" value=\"\"><input type=\"hidden\" name=\"page_url\" value=\"https:\/\/taksimestari.fi\/rauma\/wp-json\/wp\/v2\/pages\/350\"><button type=\"submit\" name=\"wpforms[submit]\" id=\"wpforms-submit-357\" class=\"wpforms-submit sendnappi\" data-alt-text=\"L\u00e4hett\u00e4\u00e4...\" data-submit-text=\"L\u00e4het\u00e4\" aria-live=\"assertive\" value=\"wpforms-submit\">L\u00e4het\u00e4<\/button><\/div><\/form><\/div>  <!-- .wpforms-container -->[\/vc_column][\/vc_row]\n","protected":false},"excerpt":{"rendered":"<p>[vc_row type=&#8221;full_width_background&#8221; full_screen_row_position=&#8221;middle&#8221; column_margin=&#8221;default&#8221; column_direction=&#8221;default&#8221; column_direction_tablet=&#8221;default&#8221; column_direction_phone=&#8221;default&#8221; bg_color=&#8221;#ffffff&#8221; bg_image=&#8221;814&#8243; bg_position=&#8221;center center&#8221; bg_repeat=&#8221;no-repeat&#8221; scene_position=&#8221;center&#8221; top_padding=&#8221;10%&#8221; bottom_padding=&#8221;7%&#8221; text_color=&#8221;dark&#8221; text_align=&#8221;left&#8221; row_border_radius=&#8221;none&#8221; row_border_radius_applies=&#8221;bg&#8221; enable_gradient=&#8221;true&#8221; color_overlay=&#8221;#000a2b&#8221; overlay_strength=&#8221;0.8&#8243; gradient_direction=&#8221;left_to_right&#8221; shape_divider_position=&#8221;bottom&#8221; bg_image_animation=&#8221;none&#8221; shape_type=&#8221;&#8221;][vc_column column_padding=&#8221;no-extra-padding&#8221; column_padding_tablet=&#8221;inherit&#8221; column_padding_phone=&#8221;inherit&#8221; column_padding_position=&#8221;all&#8221;&#8230;<\/p>\n","protected":false},"author":1,"featured_media":0,"parent":0,"menu_order":0,"comment_status":"closed","ping_status":"closed","template":"","meta":{"footnotes":""},"class_list":["post-350","page","type-page","status-publish"],"yoast_head":"<!-- This site is optimized with the Yoast SEO plugin v27.5 - https:\/\/yoast.com\/product\/yoast-seo-wordpress\/ -->\n<title>Taksin tilaaminen on helppoa - Taksimestari Rauma<\/title>\n<meta name=\"description\" content=\"Taksimestarilta luonnistuvat h\u00e4\u00e4kuljetukset, yritysajot, tilausajot ja ryhm\u00e4kyydit. Tilaa taksi puhelimitse tai sivujemme kautta!\" \/>\n<meta name=\"robots\" content=\"index, follow, max-snippet:-1, max-image-preview:large, max-video-preview:-1\" \/>\n<link rel=\"canonical\" href=\"https:\/\/taksimestari.fi\/rauma\/ota-yhteytta\" \/>\n<meta property=\"og:locale\" content=\"fi_FI\" \/>\n<meta property=\"og:type\" content=\"article\" \/>\n<meta property=\"og:title\" content=\"Taksin tilaaminen on helppoa - Taksimestari Rauma\" \/>\n<meta property=\"og:description\" content=\"Taksimestarilta luonnistuvat h\u00e4\u00e4kuljetukset, yritysajot, tilausajot ja ryhm\u00e4kyydit. Tilaa taksi puhelimitse tai sivujemme kautta!\" \/>\n<meta property=\"og:url\" content=\"https:\/\/taksimestari.fi\/rauma\/ota-yhteytta\" \/>\n<meta property=\"og:site_name\" content=\"Taksi Rauma\" \/>\n<meta property=\"article:modified_time\" content=\"2022-01-13T17:32:50+00:00\" \/>\n<meta name=\"twitter:card\" content=\"summary_large_image\" \/>\n<meta name=\"twitter:label1\" content=\"Arvioitu lukuaika\" \/>\n\t<meta name=\"twitter:data1\" content=\"1 minuutti\" \/>\n<script type=\"application\/ld+json\" class=\"yoast-schema-graph\">{\"@context\":\"https:\\\/\\\/schema.org\",\"@graph\":[{\"@type\":\"WebPage\",\"@id\":\"https:\\\/\\\/taksimestari.fi\\\/rauma\\\/ota-yhteytta\",\"url\":\"https:\\\/\\\/taksimestari.fi\\\/rauma\\\/ota-yhteytta\",\"name\":\"Taksin tilaaminen on helppoa - Taksimestari Rauma\",\"isPartOf\":{\"@id\":\"https:\\\/\\\/taksimestari.fi\\\/rauma\\\/#website\"},\"datePublished\":\"2021-02-16T07:50:17+00:00\",\"dateModified\":\"2022-01-13T17:32:50+00:00\",\"description\":\"Taksimestarilta luonnistuvat h\u00e4\u00e4kuljetukset, yritysajot, tilausajot ja ryhm\u00e4kyydit. Tilaa taksi puhelimitse tai sivujemme kautta!\",\"breadcrumb\":{\"@id\":\"https:\\\/\\\/taksimestari.fi\\\/rauma\\\/ota-yhteytta#breadcrumb\"},\"inLanguage\":\"fi\",\"potentialAction\":[{\"@type\":\"ReadAction\",\"target\":[\"https:\\\/\\\/taksimestari.fi\\\/rauma\\\/ota-yhteytta\"]}]},{\"@type\":\"BreadcrumbList\",\"@id\":\"https:\\\/\\\/taksimestari.fi\\\/rauma\\\/ota-yhteytta#breadcrumb\",\"itemListElement\":[{\"@type\":\"ListItem\",\"position\":1,\"name\":\"Etusivu\",\"item\":\"https:\\\/\\\/taksimestari.fi\\\/rauma\\\/\"},{\"@type\":\"ListItem\",\"position\":2,\"name\":\"Ota yhteytt\u00e4\"}]},{\"@type\":\"WebSite\",\"@id\":\"https:\\\/\\\/taksimestari.fi\\\/rauma\\\/#website\",\"url\":\"https:\\\/\\\/taksimestari.fi\\\/rauma\\\/\",\"name\":\"Taksi Rauma - Taksimestari\",\"description\":\"Taksi Rauma - Taksi Turku\",\"publisher\":{\"@id\":\"https:\\\/\\\/taksimestari.fi\\\/rauma\\\/#organization\"},\"potentialAction\":[{\"@type\":\"SearchAction\",\"target\":{\"@type\":\"EntryPoint\",\"urlTemplate\":\"https:\\\/\\\/taksimestari.fi\\\/rauma\\\/?s={search_term_string}\"},\"query-input\":{\"@type\":\"PropertyValueSpecification\",\"valueRequired\":true,\"valueName\":\"search_term_string\"}}],\"inLanguage\":\"fi\"},{\"@type\":\"Organization\",\"@id\":\"https:\\\/\\\/taksimestari.fi\\\/rauma\\\/#organization\",\"name\":\"Taksi Rauma\",\"url\":\"https:\\\/\\\/taksimestari.fi\\\/rauma\\\/\",\"logo\":{\"@type\":\"ImageObject\",\"inLanguage\":\"fi\",\"@id\":\"https:\\\/\\\/taksimestari.fi\\\/rauma\\\/#\\\/schema\\\/logo\\\/image\\\/\",\"url\":\"https:\\\/\\\/taksimestari.fi\\\/rauma\\\/wp-content\\\/uploads\\\/sites\\\/3\\\/2021\\\/02\\\/taksimestari_logo_500-2.png\",\"contentUrl\":\"https:\\\/\\\/taksimestari.fi\\\/rauma\\\/wp-content\\\/uploads\\\/sites\\\/3\\\/2021\\\/02\\\/taksimestari_logo_500-2.png\",\"width\":500,\"height\":383,\"caption\":\"Taksi Rauma\"},\"image\":{\"@id\":\"https:\\\/\\\/taksimestari.fi\\\/rauma\\\/#\\\/schema\\\/logo\\\/image\\\/\"}}]}<\/script>\n<!-- \/ Yoast SEO plugin. -->","yoast_head_json":{"title":"Taksin tilaaminen on helppoa - Taksimestari Rauma","description":"Taksimestarilta luonnistuvat h\u00e4\u00e4kuljetukset, yritysajot, tilausajot ja ryhm\u00e4kyydit. Tilaa taksi puhelimitse tai sivujemme kautta!","robots":{"index":"index","follow":"follow","max-snippet":"max-snippet:-1","max-image-preview":"max-image-preview:large","max-video-preview":"max-video-preview:-1"},"canonical":"https:\/\/taksimestari.fi\/rauma\/ota-yhteytta","og_locale":"fi_FI","og_type":"article","og_title":"Taksin tilaaminen on helppoa - Taksimestari Rauma","og_description":"Taksimestarilta luonnistuvat h\u00e4\u00e4kuljetukset, yritysajot, tilausajot ja ryhm\u00e4kyydit. Tilaa taksi puhelimitse tai sivujemme kautta!","og_url":"https:\/\/taksimestari.fi\/rauma\/ota-yhteytta","og_site_name":"Taksi Rauma","article_modified_time":"2022-01-13T17:32:50+00:00","twitter_card":"summary_large_image","twitter_misc":{"Arvioitu lukuaika":"1 minuutti"},"schema":{"@context":"https:\/\/schema.org","@graph":[{"@type":"WebPage","@id":"https:\/\/taksimestari.fi\/rauma\/ota-yhteytta","url":"https:\/\/taksimestari.fi\/rauma\/ota-yhteytta","name":"Taksin tilaaminen on helppoa - Taksimestari Rauma","isPartOf":{"@id":"https:\/\/taksimestari.fi\/rauma\/#website"},"datePublished":"2021-02-16T07:50:17+00:00","dateModified":"2022-01-13T17:32:50+00:00","description":"Taksimestarilta luonnistuvat h\u00e4\u00e4kuljetukset, yritysajot, tilausajot ja ryhm\u00e4kyydit. Tilaa taksi puhelimitse tai sivujemme kautta!","breadcrumb":{"@id":"https:\/\/taksimestari.fi\/rauma\/ota-yhteytta#breadcrumb"},"inLanguage":"fi","potentialAction":[{"@type":"ReadAction","target":["https:\/\/taksimestari.fi\/rauma\/ota-yhteytta"]}]},{"@type":"BreadcrumbList","@id":"https:\/\/taksimestari.fi\/rauma\/ota-yhteytta#breadcrumb","itemListElement":[{"@type":"ListItem","position":1,"name":"Etusivu","item":"https:\/\/taksimestari.fi\/rauma\/"},{"@type":"ListItem","position":2,"name":"Ota yhteytt\u00e4"}]},{"@type":"WebSite","@id":"https:\/\/taksimestari.fi\/rauma\/#website","url":"https:\/\/taksimestari.fi\/rauma\/","name":"Taksi Rauma - Taksimestari","description":"Taksi Rauma - Taksi Turku","publisher":{"@id":"https:\/\/taksimestari.fi\/rauma\/#organization"},"potentialAction":[{"@type":"SearchAction","target":{"@type":"EntryPoint","urlTemplate":"https:\/\/taksimestari.fi\/rauma\/?s={search_term_string}"},"query-input":{"@type":"PropertyValueSpecification","valueRequired":true,"valueName":"search_term_string"}}],"inLanguage":"fi"},{"@type":"Organization","@id":"https:\/\/taksimestari.fi\/rauma\/#organization","name":"Taksi Rauma","url":"https:\/\/taksimestari.fi\/rauma\/","logo":{"@type":"ImageObject","inLanguage":"fi","@id":"https:\/\/taksimestari.fi\/rauma\/#\/schema\/logo\/image\/","url":"https:\/\/taksimestari.fi\/rauma\/wp-content\/uploads\/sites\/3\/2021\/02\/taksimestari_logo_500-2.png","contentUrl":"https:\/\/taksimestari.fi\/rauma\/wp-content\/uploads\/sites\/3\/2021\/02\/taksimestari_logo_500-2.png","width":500,"height":383,"caption":"Taksi Rauma"},"image":{"@id":"https:\/\/taksimestari.fi\/rauma\/#\/schema\/logo\/image\/"}}]}},"_links":{"self":[{"href":"https:\/\/taksimestari.fi\/rauma\/wp-json\/wp\/v2\/pages\/350","targetHints":{"allow":["GET"]}}],"collection":[{"href":"https:\/\/taksimestari.fi\/rauma\/wp-json\/wp\/v2\/pages"}],"about":[{"href":"https:\/\/taksimestari.fi\/rauma\/wp-json\/wp\/v2\/types\/page"}],"author":[{"embeddable":true,"href":"https:\/\/taksimestari.fi\/rauma\/wp-json\/wp\/v2\/users\/1"}],"replies":[{"embeddable":true,"href":"https:\/\/taksimestari.fi\/rauma\/wp-json\/wp\/v2\/comments?post=350"}],"version-history":[{"count":37,"href":"https:\/\/taksimestari.fi\/rauma\/wp-json\/wp\/v2\/pages\/350\/revisions"}],"predecessor-version":[{"id":817,"href":"https:\/\/taksimestari.fi\/rauma\/wp-json\/wp\/v2\/pages\/350\/revisions\/817"}],"wp:attachment":[{"href":"https:\/\/taksimestari.fi\/rauma\/wp-json\/wp\/v2\/media?parent=350"}],"curies":[{"name":"wp","href":"https:\/\/api.w.org\/{rel}","templated":true}]}}