{"id":287,"date":"2021-02-13T17:59:51","date_gmt":"2021-02-13T15:59:51","guid":{"rendered":"https:\/\/taksimestari.fi\/rauma\/?page_id=287"},"modified":"2022-06-22T21:15:32","modified_gmt":"2022-06-22T18:15:32","slug":"kela","status":"publish","type":"page","link":"https:\/\/taksimestari.fi\/rauma\/palvelut\/kela","title":{"rendered":"Kela-taksimatkat"},"content":{"rendered":"[vc_row type=&#8221;full_width_background&#8221; full_screen_row_position=&#8221;middle&#8221; column_margin=&#8221;default&#8221; column_direction=&#8221;default&#8221; column_direction_tablet=&#8221;default&#8221; column_direction_phone=&#8221;default&#8221; bg_color=&#8221;#ffffff&#8221; bg_image=&#8221;818&#8243; bg_position=&#8221;center center&#8221; bg_repeat=&#8221;no-repeat&#8221; scene_position=&#8221;center&#8221; top_padding=&#8221;10%&#8221; bottom_padding=&#8221;7%&#8221; text_color=&#8221;dark&#8221; text_align=&#8221;left&#8221; row_border_radius=&#8221;none&#8221; row_border_radius_applies=&#8221;bg&#8221; enable_gradient=&#8221;true&#8221; color_overlay=&#8221;#000a2b&#8221; overlay_strength=&#8221;1&#8243; gradient_direction=&#8221;left_to_right&#8221; shape_divider_position=&#8221;bottom&#8221; bg_image_animation=&#8221;none&#8221; shape_type=&#8221;&#8221;][vc_column column_padding=&#8221;no-extra-padding&#8221; column_padding_tablet=&#8221;inherit&#8221; column_padding_phone=&#8221;inherit&#8221; column_padding_position=&#8221;all&#8221; background_color_opacity=&#8221;1&#8243; background_hover_color_opacity=&#8221;1&#8243; font_color=&#8221;#ffffff&#8221; column_shadow=&#8221;none&#8221; column_border_radius=&#8221;none&#8221; column_link_target=&#8221;_self&#8221; gradient_direction=&#8221;left_to_right&#8221; overlay_strength=&#8221;0.3&#8243; width=&#8221;1\/1&#8243; tablet_width_inherit=&#8221;default&#8221; tablet_text_alignment=&#8221;default&#8221; phone_text_alignment=&#8221;default&#8221; column_border_width=&#8221;none&#8221; column_border_style=&#8221;solid&#8221; bg_image_animation=&#8221;none&#8221;][vc_custom_heading text=&#8221;Kela-taksimatkat&#8221; font_container=&#8221;tag:h1|text_align:left|color:%23ffffff&#8221; use_theme_fonts=&#8221;yes&#8221;][vc_custom_heading text=&#8221;0800 414 612 (Taksi Helsinki Oy)&#8221; font_container=&#8221;tag:h1|text_align:left|color:%23ffd606&#8243; use_theme_fonts=&#8221;yes&#8221; link=&#8221;url:tel%3A%2B358800120001&#8243;][vc_custom_heading text=&#8221;0800 924 42 (Keskustaksi Oy)&#8221; font_container=&#8221;tag:h1|text_align:left|color:%23ffd606&#8243; use_theme_fonts=&#8221;yes&#8221; link=&#8221;url:tel%3A%2B358800120001&#8243;][\/vc_column][\/vc_row][vc_row type=&#8221;full_width_background&#8221; full_screen_row_position=&#8221;middle&#8221; column_margin=&#8221;default&#8221; column_direction=&#8221;default&#8221; column_direction_tablet=&#8221;default&#8221; column_direction_phone=&#8221;default&#8221; scene_position=&#8221;center&#8221; top_padding=&#8221;7%&#8221; constrain_group_1=&#8221;yes&#8221; bottom_padding=&#8221;7%&#8221; text_color=&#8221;custom&#8221; custom_text_color=&#8221;#293a73&#8243; text_align=&#8221;left&#8221; row_border_radius=&#8221;none&#8221; row_border_radius_applies=&#8221;bg&#8221; overlay_strength=&#8221;0.5&#8243; gradient_direction=&#8221;left_to_right&#8221; shape_divider_position=&#8221;bottom&#8221; bg_image_animation=&#8221;none&#8221; shape_type=&#8221;&#8221;][vc_column column_padding=&#8221;padding-1-percent&#8221; column_padding_tablet=&#8221;inherit&#8221; column_padding_phone=&#8221;inherit&#8221; column_padding_position=&#8221;right&#8221; background_color_opacity=&#8221;1&#8243; background_hover_color_opacity=&#8221;1&#8243; column_shadow=&#8221;none&#8221; column_border_radius=&#8221;none&#8221; column_link_target=&#8221;_self&#8221; gradient_direction=&#8221;left_to_right&#8221; overlay_strength=&#8221;0.3&#8243; width=&#8221;1\/2&#8243; tablet_width_inherit=&#8221;default&#8221; tablet_text_alignment=&#8221;default&#8221; phone_text_alignment=&#8221;default&#8221; column_border_width=&#8221;none&#8221; column_border_style=&#8221;solid&#8221; bg_image_animation=&#8221;none&#8221;][vc_column_text]<b>Tiesitk\u00f6, ett\u00e4 voit toivoa Taksimestarin taksia itsellesi Kela-kyydin toivetaksiksi?<\/b><\/p>\n<p><span style=\"font-weight: 400;\">Kelan korvaamat taksimatkat tilataan Kelan m\u00e4\u00e4ritt\u00e4milt\u00e4 palveluntarjoajilta, joita 1.1.2022 alkaen on kaksi kullakin palvelualueella. Satakunnan alueella tilaus tehd\u00e4\u00e4n maksuttomista tilausnumeroista <strong>0800 414 612<\/strong> (Taksi Helsinki Oy) tai <strong>0800 924 42<\/strong> (Keskustaksi Oy). Numerot palvelevat ymp\u00e4ri vuorokauden. Voit valita, kumpaa palveluntarjoajaa k\u00e4yt\u00e4t. Tilauksen j\u00e4lkeen saat kyydist\u00e4si vahvistusviestin, jossa n\u00e4kyy my\u00f6s kuljettajan puhelinnumero.<\/span><\/p>\n<p><span style=\"font-weight: 400;\">Kela-kyyteihin on mahdollisuus esitt\u00e4\u00e4 toivomus siit\u00e4 taksista (ns. toivetaksi), jonka kyydiss\u00e4 haluat matkustaa. Jos haluat Taksimestarin taksin, sinun pit\u00e4\u00e4 mainita auton numero tilauksen yhteydess\u00e4.\u00a0<\/span><\/p>\n<p><span style=\"font-weight: 400;\">Jos tilaat Kela-kyydin <\/span><b>Taksi Helsingin numerosta 0800 414 612<\/b><span style=\"font-weight: 400;\">, Taksimestarin autojen numerot ovat<\/span><b> 8320, 8206, 8319<\/b><span style=\"font-weight: 400;\"> tai<\/span><b> 8204<\/b><span style=\"font-weight: 400;\">.\u00a0<\/span><\/p>\n<p><span style=\"font-weight: 400;\">Jos tilaat Kela-kyydin <\/span><b>Keskustaksin numerosta 0800 92 442<\/b><span style=\"font-weight: 400;\">, Taksimestarin autojen numerot ovat <\/span><b>1071,1072 <\/b><span style=\"font-weight: 400;\">ja<\/span><b> 1073<\/b><span style=\"font-weight: 400;\">.\u00a0<\/span><\/p>\n<p><span style=\"font-weight: 400;\">Jos haluat tietyn kuljettajan, varmista suoraan h\u00e4nelt\u00e4, ett\u00e4 h\u00e4n on ty\u00f6vuorossa matkasi ajankohtana, ja kysy kuljettajalta auton numero. T\u00e4ll\u00f6in v\u00e4lityskeskuksessa osataan yhdist\u00e4\u00e4 tilauksesi oikealle kuljettajalle.<\/span><\/p>\n<p><span style=\"font-weight: 400;\">Toivetaksi ei ole sama asia kuin vakiotaksiasiakkuus. Jos sinulla on Kelan my\u00f6nt\u00e4m\u00e4 <strong>vakiotaksioikeus,<\/strong> voit tilata kyydin suoraan Taksimestarilta k\u00e4ytt\u00e4m\u00e4ll\u00e4 viereist\u00e4 Vakiotaksiasiakkuus-lomaketta.<\/span><\/p>\n<p><strong>Kyydin tilaaminen ja omavastuu<\/strong><\/p>\n<p><span style=\"font-weight: 400;\">Kela-korvattuna kyyti maksaa enint\u00e4\u00e4n omavastuun verran. Omavastuuosuus on matkan kokonaishinta tai enint\u00e4\u00e4n 25 euroa.<\/span><\/p>\n<p><span style=\"font-weight: 400;\">Kela-taksikyydit tilataan p\u00e4\u00e4s\u00e4\u00e4nt\u00f6isesti edellisen\u00e4 p\u00e4iv\u00e4n\u00e4 klo 14 menness\u00e4. Tilaa matka Kela-keskuksesta my\u00f6s silloin, kun tarvitset taksia \u00e4killisesti tai olet unohtanut tilata taksin edellisen\u00e4 p\u00e4iv\u00e4n\u00e4.<\/span><\/p>\n<p><span style=\"font-weight: 400;\">Voit tilata yhdell\u00e4 tilauspuhelulla kaikki tiedossasi olevat matkat seuraavan kahden viikon ajalle. Jos tiedossasi on k\u00e4yntiluontoinen matka, voit tilata sen menopaluumatkana. T\u00e4ll\u00f6in sinun tulee osata arvioida suuntaa-antava l\u00e4ht\u00f6aika paluumatkalle.<\/span><\/p>\n<p><span style=\"font-weight: 400;\">Kerromme mielell\u00e4mme lis\u00e4tietoja Kela-kyydeist\u00e4!<\/span>[\/vc_column_text][\/vc_column][vc_column column_padding=&#8221;padding-5-percent&#8221; column_padding_tablet=&#8221;inherit&#8221; column_padding_phone=&#8221;inherit&#8221; column_padding_position=&#8221;all&#8221; background_color=&#8221;#ffd606&#8243; background_color_opacity=&#8221;1&#8243; background_hover_color_opacity=&#8221;1&#8243; column_shadow=&#8221;none&#8221; column_border_radius=&#8221;none&#8221; column_link_target=&#8221;_self&#8221; gradient_direction=&#8221;left_to_right&#8221; overlay_strength=&#8221;0.3&#8243; width=&#8221;1\/2&#8243; tablet_width_inherit=&#8221;default&#8221; tablet_text_alignment=&#8221;default&#8221; phone_text_alignment=&#8221;default&#8221; column_border_width=&#8221;none&#8221; column_border_style=&#8221;solid&#8221; bg_image_animation=&#8221;none&#8221;][vc_custom_heading text=&#8221;Vakiotaksiasiakkuus&#8221; font_container=&#8221;tag:h2|font_size:30|text_align:left|color:%23293a73|line_height:40px&#8221; use_theme_fonts=&#8221;yes&#8221;][vc_column_text]Tietyill\u00e4 asiakasryhmill\u00e4 esim. lapsilla, on mahdollisuus saada Kelan my\u00f6nt\u00e4m\u00e4 vakiotaksiasiakkuus. Jos haluat k\u00e4ytt\u00e4\u00e4 Taksimestarin taksia vakiotaksinasi, j\u00e4t\u00e4 lomakkeen kautta yhteystietosi, niin otamme sinuun yhteytt\u00e4.[\/vc_column_text][nectar_btn size=&#8221;medium&#8221; open_new_tab=&#8221;true&#8221; button_style=&#8221;regular&#8221; button_color_2=&#8221;Accent-Color&#8221; icon_family=&#8221;default_arrow&#8221; text=&#8221;Lue lis\u00e4\u00e4 vakiotaksista Kelan sivuilta&#8221; url=&#8221;https:\/\/www.kela.fi\/vakiotaksiasiakkuus&#8221;][divider line_type=&#8221;No Line&#8221;]<div class=\"wpforms-container wpforms-container-full\" id=\"wpforms-138\"><form id=\"wpforms-form-138\" class=\"wpforms-validate wpforms-form\" data-formid=\"138\" method=\"post\" enctype=\"multipart\/form-data\" action=\"\/rauma\/wp-json\/wp\/v2\/pages\/287\" data-token=\"1603c04450993e58adbc88d45e5f6be0\" data-token-time=\"1776966726\"><noscript class=\"wpforms-error-noscript\">Please enable JavaScript in your browser to complete this form.<\/noscript><div class=\"wpforms-field-container\"><div id=\"wpforms-138-field_1-container\" class=\"wpforms-field wpforms-field-text\" data-field-id=\"1\"><label class=\"wpforms-field-label wpforms-label-hide\" for=\"wpforms-138-field_1\">Nimi <span class=\"wpforms-required-label\">*<\/span><\/label><input type=\"text\" id=\"wpforms-138-field_1\" class=\"wpforms-field-large wpforms-field-required\" name=\"wpforms[fields][1]\" placeholder=\"Nimi*\" required><\/div><div id=\"wpforms-138-field_2-container\" class=\"wpforms-field wpforms-field-text\" data-field-id=\"2\"><label class=\"wpforms-field-label wpforms-label-hide\" for=\"wpforms-138-field_2\">Puhelinnumero <span class=\"wpforms-required-label\">*<\/span><\/label><input type=\"text\" id=\"wpforms-138-field_2\" class=\"wpforms-field-large wpforms-field-required\" name=\"wpforms[fields][2]\" placeholder=\"Puhelinnumero*\" required><\/div><div id=\"wpforms-138-field_3-container\" class=\"wpforms-field wpforms-field-email\" data-field-id=\"3\"><label class=\"wpforms-field-label wpforms-label-hide\" for=\"wpforms-138-field_3\">S\u00e4hk\u00f6postiosoite <span class=\"wpforms-required-label\">*<\/span><\/label><input type=\"email\" id=\"wpforms-138-field_3\" class=\"wpforms-field-large wpforms-field-required\" name=\"wpforms[fields][3]\" placeholder=\"S\u00e4hk\u00f6postiosoite*\" spellcheck=\"false\" required><\/div><\/div><!-- .wpforms-field-container --><div class=\"wpforms-recaptcha-container wpforms-is-recaptcha wpforms-is-recaptcha-type-invisible\" ><div class=\"g-recaptcha\" data-sitekey=\"6Lcj-0oaAAAAAEb0JUSj80eZODOQYQf8-eMYD8QI\" data-size=\"invisible\"><\/div><\/div><div class=\"wpforms-submit-container\" ><input type=\"hidden\" name=\"wpforms[id]\" value=\"138\"><input type=\"hidden\" name=\"page_title\" value=\"\"><input type=\"hidden\" name=\"page_url\" value=\"https:\/\/taksimestari.fi\/rauma\/wp-json\/wp\/v2\/pages\/287\"><button type=\"submit\" name=\"wpforms[submit]\" id=\"wpforms-submit-138\" class=\"wpforms-submit sendnappi\" data-alt-text=\"L\u00e4hett\u00e4\u00e4...\" data-submit-text=\"L\u00e4het\u00e4\" aria-live=\"assertive\" value=\"wpforms-submit\">L\u00e4het\u00e4<\/button><\/div><\/form><\/div>  <!-- .wpforms-container -->[\/vc_column][\/vc_row][vc_row type=&#8221;in_container&#8221; full_screen_row_position=&#8221;middle&#8221; column_margin=&#8221;default&#8221; column_direction=&#8221;default&#8221; column_direction_tablet=&#8221;default&#8221; column_direction_phone=&#8221;default&#8221; scene_position=&#8221;center&#8221; text_color=&#8221;dark&#8221; text_align=&#8221;left&#8221; row_border_radius=&#8221;none&#8221; row_border_radius_applies=&#8221;bg&#8221; overlay_strength=&#8221;0.3&#8243; gradient_direction=&#8221;left_to_right&#8221; shape_divider_position=&#8221;bottom&#8221; bg_image_animation=&#8221;none&#8221;][vc_column column_padding=&#8221;no-extra-padding&#8221; column_padding_tablet=&#8221;inherit&#8221; column_padding_phone=&#8221;inherit&#8221; column_padding_position=&#8221;all&#8221; background_color_opacity=&#8221;1&#8243; background_hover_color_opacity=&#8221;1&#8243; column_shadow=&#8221;none&#8221; column_border_radius=&#8221;none&#8221; column_link_target=&#8221;_self&#8221; gradient_direction=&#8221;left_to_right&#8221; overlay_strength=&#8221;0.3&#8243; width=&#8221;1\/2&#8243; tablet_width_inherit=&#8221;default&#8221; tablet_text_alignment=&#8221;default&#8221; phone_text_alignment=&#8221;default&#8221; column_border_width=&#8221;none&#8221; column_border_style=&#8221;solid&#8221; bg_image_animation=&#8221;none&#8221;][nectar_single_testimonial testimonial_style=&#8221;small_modern&#8221; text_color=&#8221;#1a2144&#8243; color=&#8221;Default&#8221; quote=&#8221;Taksimestarin vakiotaksiasiakkaana kuljetukset ovat sujuneet eritt\u00e4in mallikkaasti ja hyvin &#8211; yhteisty\u00f6 on ollut toimivaa. Mukavalla ja tutulla kuljettajalla on ollut suuri merkitys nuoren p\u00e4ivien sujumiseen ja mielekkyyteen sek\u00e4 hoitojakson onnistumiseen.&#8221; name=&#8221;12-vuotiaan vakiotaksiasiakkaan \u00e4iti&#8221;][nectar_btn size=&#8221;medium&#8221; open_new_tab=&#8221;true&#8221; button_style=&#8221;regular&#8221; button_color_2=&#8221;Extra-Color-1&#8243; solid_text_color_override=&#8221;#293a73&#8243; icon_family=&#8221;default_arrow&#8221; text=&#8221;Lue lis\u00e4tietoja Kela-matkoista&#8221; url=&#8221;https:\/\/www.kela.fi\/taksimatkat&#8221;][\/vc_column][vc_column column_padding=&#8221;no-extra-padding&#8221; column_padding_tablet=&#8221;inherit&#8221; column_padding_phone=&#8221;inherit&#8221; column_padding_position=&#8221;all&#8221; background_color_opacity=&#8221;1&#8243; background_hover_color_opacity=&#8221;1&#8243; column_shadow=&#8221;none&#8221; column_border_radius=&#8221;none&#8221; column_link_target=&#8221;_self&#8221; gradient_direction=&#8221;left_to_right&#8221; overlay_strength=&#8221;0.3&#8243; width=&#8221;1\/2&#8243; tablet_width_inherit=&#8221;default&#8221; tablet_text_alignment=&#8221;default&#8221; phone_text_alignment=&#8221;default&#8221; column_border_width=&#8221;none&#8221; column_border_style=&#8221;solid&#8221; bg_image_animation=&#8221;none&#8221;][image_with_animation image_url=&#8221;823&#8243; animation=&#8221;Fade In&#8221; hover_animation=&#8221;none&#8221; alignment=&#8221;&#8221; border_radius=&#8221;none&#8221; box_shadow=&#8221;none&#8221; image_loading=&#8221;default&#8221; max_width=&#8221;100%&#8221; max_width_mobile=&#8221;default&#8221;][\/vc_column][\/vc_row]\n","protected":false},"excerpt":{"rendered":"<p>[vc_row type=&#8221;full_width_background&#8221; full_screen_row_position=&#8221;middle&#8221; column_margin=&#8221;default&#8221; column_direction=&#8221;default&#8221; column_direction_tablet=&#8221;default&#8221; column_direction_phone=&#8221;default&#8221; bg_color=&#8221;#ffffff&#8221; bg_image=&#8221;818&#8243; bg_position=&#8221;center center&#8221; bg_repeat=&#8221;no-repeat&#8221; scene_position=&#8221;center&#8221; top_padding=&#8221;10%&#8221; bottom_padding=&#8221;7%&#8221; text_color=&#8221;dark&#8221; text_align=&#8221;left&#8221; row_border_radius=&#8221;none&#8221; row_border_radius_applies=&#8221;bg&#8221; enable_gradient=&#8221;true&#8221; color_overlay=&#8221;#000a2b&#8221; overlay_strength=&#8221;1&#8243; gradient_direction=&#8221;left_to_right&#8221; shape_divider_position=&#8221;bottom&#8221; bg_image_animation=&#8221;none&#8221; shape_type=&#8221;&#8221;][vc_column column_padding=&#8221;no-extra-padding&#8221; column_padding_tablet=&#8221;inherit&#8221; column_padding_phone=&#8221;inherit&#8221; column_padding_position=&#8221;all&#8221;&#8230;<\/p>\n","protected":false},"author":1,"featured_media":0,"parent":277,"menu_order":0,"comment_status":"closed","ping_status":"closed","template":"","meta":{"footnotes":""},"class_list":["post-287","page","type-page","status-publish"],"yoast_head":"<!-- This site is optimized with the Yoast SEO plugin v27.4 - https:\/\/yoast.com\/product\/yoast-seo-wordpress\/ -->\n<title>Kela-kyydit Satakunnassa - Taksimestari Rauma<\/title>\n<meta name=\"description\" content=\"Satakunnan alueella p\u00e4\u00e4set Taksimestarin kyydiss\u00e4 my\u00f6s Kela-matkat. Kela-taksin tilaat Raumalla ilmaisista v\u00e4litysnumeroista 0800 414 612 ja 0800 924 42.\" \/>\n<meta name=\"robots\" content=\"index, follow, max-snippet:-1, max-image-preview:large, max-video-preview:-1\" \/>\n<link rel=\"canonical\" href=\"https:\/\/taksimestari.fi\/rauma\/palvelut\/kela\" \/>\n<meta property=\"og:locale\" content=\"fi_FI\" \/>\n<meta property=\"og:type\" content=\"article\" \/>\n<meta property=\"og:title\" content=\"Kela-kyydit Satakunnassa - Taksimestari Rauma\" \/>\n<meta property=\"og:description\" content=\"Satakunnan alueella p\u00e4\u00e4set Taksimestarin kyydiss\u00e4 my\u00f6s Kela-matkat. Kela-taksin tilaat Raumalla ilmaisista v\u00e4litysnumeroista 0800 414 612 ja 0800 924 42.\" \/>\n<meta property=\"og:url\" content=\"https:\/\/taksimestari.fi\/rauma\/palvelut\/kela\" \/>\n<meta property=\"og:site_name\" content=\"Taksi Rauma\" \/>\n<meta property=\"article:modified_time\" content=\"2022-06-22T18:15:32+00:00\" \/>\n<meta name=\"twitter:card\" content=\"summary_large_image\" \/>\n<meta name=\"twitter:label1\" content=\"Arvioitu lukuaika\" \/>\n\t<meta name=\"twitter:data1\" content=\"4 minuuttia\" \/>\n<script type=\"application\/ld+json\" class=\"yoast-schema-graph\">{\"@context\":\"https:\\\/\\\/schema.org\",\"@graph\":[{\"@type\":\"WebPage\",\"@id\":\"https:\\\/\\\/taksimestari.fi\\\/rauma\\\/palvelut\\\/kela\",\"url\":\"https:\\\/\\\/taksimestari.fi\\\/rauma\\\/palvelut\\\/kela\",\"name\":\"Kela-kyydit Satakunnassa - Taksimestari Rauma\",\"isPartOf\":{\"@id\":\"https:\\\/\\\/taksimestari.fi\\\/rauma\\\/#website\"},\"datePublished\":\"2021-02-13T15:59:51+00:00\",\"dateModified\":\"2022-06-22T18:15:32+00:00\",\"description\":\"Satakunnan alueella p\u00e4\u00e4set Taksimestarin kyydiss\u00e4 my\u00f6s Kela-matkat. Kela-taksin tilaat Raumalla ilmaisista v\u00e4litysnumeroista 0800 414 612 ja 0800 924 42.\",\"breadcrumb\":{\"@id\":\"https:\\\/\\\/taksimestari.fi\\\/rauma\\\/palvelut\\\/kela#breadcrumb\"},\"inLanguage\":\"fi\",\"potentialAction\":[{\"@type\":\"ReadAction\",\"target\":[\"https:\\\/\\\/taksimestari.fi\\\/rauma\\\/palvelut\\\/kela\"]}]},{\"@type\":\"BreadcrumbList\",\"@id\":\"https:\\\/\\\/taksimestari.fi\\\/rauma\\\/palvelut\\\/kela#breadcrumb\",\"itemListElement\":[{\"@type\":\"ListItem\",\"position\":1,\"name\":\"Etusivu\",\"item\":\"https:\\\/\\\/taksimestari.fi\\\/rauma\\\/\"},{\"@type\":\"ListItem\",\"position\":2,\"name\":\"Palvelut\",\"item\":\"https:\\\/\\\/taksimestari.fi\\\/rauma\\\/palvelut\"},{\"@type\":\"ListItem\",\"position\":3,\"name\":\"Kela-taksimatkat\"}]},{\"@type\":\"WebSite\",\"@id\":\"https:\\\/\\\/taksimestari.fi\\\/rauma\\\/#website\",\"url\":\"https:\\\/\\\/taksimestari.fi\\\/rauma\\\/\",\"name\":\"Taksi Rauma - Taksimestari\",\"description\":\"Taksi Rauma - Taksi Turku\",\"publisher\":{\"@id\":\"https:\\\/\\\/taksimestari.fi\\\/rauma\\\/#organization\"},\"potentialAction\":[{\"@type\":\"SearchAction\",\"target\":{\"@type\":\"EntryPoint\",\"urlTemplate\":\"https:\\\/\\\/taksimestari.fi\\\/rauma\\\/?s={search_term_string}\"},\"query-input\":{\"@type\":\"PropertyValueSpecification\",\"valueRequired\":true,\"valueName\":\"search_term_string\"}}],\"inLanguage\":\"fi\"},{\"@type\":\"Organization\",\"@id\":\"https:\\\/\\\/taksimestari.fi\\\/rauma\\\/#organization\",\"name\":\"Taksi Rauma\",\"url\":\"https:\\\/\\\/taksimestari.fi\\\/rauma\\\/\",\"logo\":{\"@type\":\"ImageObject\",\"inLanguage\":\"fi\",\"@id\":\"https:\\\/\\\/taksimestari.fi\\\/rauma\\\/#\\\/schema\\\/logo\\\/image\\\/\",\"url\":\"https:\\\/\\\/taksimestari.fi\\\/rauma\\\/wp-content\\\/uploads\\\/sites\\\/3\\\/2021\\\/02\\\/taksimestari_logo_500-2.png\",\"contentUrl\":\"https:\\\/\\\/taksimestari.fi\\\/rauma\\\/wp-content\\\/uploads\\\/sites\\\/3\\\/2021\\\/02\\\/taksimestari_logo_500-2.png\",\"width\":500,\"height\":383,\"caption\":\"Taksi Rauma\"},\"image\":{\"@id\":\"https:\\\/\\\/taksimestari.fi\\\/rauma\\\/#\\\/schema\\\/logo\\\/image\\\/\"}}]}<\/script>\n<!-- \/ Yoast SEO plugin. -->","yoast_head_json":{"title":"Kela-kyydit Satakunnassa - Taksimestari Rauma","description":"Satakunnan alueella p\u00e4\u00e4set Taksimestarin kyydiss\u00e4 my\u00f6s Kela-matkat. Kela-taksin tilaat Raumalla ilmaisista v\u00e4litysnumeroista 0800 414 612 ja 0800 924 42.","robots":{"index":"index","follow":"follow","max-snippet":"max-snippet:-1","max-image-preview":"max-image-preview:large","max-video-preview":"max-video-preview:-1"},"canonical":"https:\/\/taksimestari.fi\/rauma\/palvelut\/kela","og_locale":"fi_FI","og_type":"article","og_title":"Kela-kyydit Satakunnassa - Taksimestari Rauma","og_description":"Satakunnan alueella p\u00e4\u00e4set Taksimestarin kyydiss\u00e4 my\u00f6s Kela-matkat. Kela-taksin tilaat Raumalla ilmaisista v\u00e4litysnumeroista 0800 414 612 ja 0800 924 42.","og_url":"https:\/\/taksimestari.fi\/rauma\/palvelut\/kela","og_site_name":"Taksi Rauma","article_modified_time":"2022-06-22T18:15:32+00:00","twitter_card":"summary_large_image","twitter_misc":{"Arvioitu lukuaika":"4 minuuttia"},"schema":{"@context":"https:\/\/schema.org","@graph":[{"@type":"WebPage","@id":"https:\/\/taksimestari.fi\/rauma\/palvelut\/kela","url":"https:\/\/taksimestari.fi\/rauma\/palvelut\/kela","name":"Kela-kyydit Satakunnassa - Taksimestari Rauma","isPartOf":{"@id":"https:\/\/taksimestari.fi\/rauma\/#website"},"datePublished":"2021-02-13T15:59:51+00:00","dateModified":"2022-06-22T18:15:32+00:00","description":"Satakunnan alueella p\u00e4\u00e4set Taksimestarin kyydiss\u00e4 my\u00f6s Kela-matkat. Kela-taksin tilaat Raumalla ilmaisista v\u00e4litysnumeroista 0800 414 612 ja 0800 924 42.","breadcrumb":{"@id":"https:\/\/taksimestari.fi\/rauma\/palvelut\/kela#breadcrumb"},"inLanguage":"fi","potentialAction":[{"@type":"ReadAction","target":["https:\/\/taksimestari.fi\/rauma\/palvelut\/kela"]}]},{"@type":"BreadcrumbList","@id":"https:\/\/taksimestari.fi\/rauma\/palvelut\/kela#breadcrumb","itemListElement":[{"@type":"ListItem","position":1,"name":"Etusivu","item":"https:\/\/taksimestari.fi\/rauma\/"},{"@type":"ListItem","position":2,"name":"Palvelut","item":"https:\/\/taksimestari.fi\/rauma\/palvelut"},{"@type":"ListItem","position":3,"name":"Kela-taksimatkat"}]},{"@type":"WebSite","@id":"https:\/\/taksimestari.fi\/rauma\/#website","url":"https:\/\/taksimestari.fi\/rauma\/","name":"Taksi Rauma - Taksimestari","description":"Taksi Rauma - Taksi Turku","publisher":{"@id":"https:\/\/taksimestari.fi\/rauma\/#organization"},"potentialAction":[{"@type":"SearchAction","target":{"@type":"EntryPoint","urlTemplate":"https:\/\/taksimestari.fi\/rauma\/?s={search_term_string}"},"query-input":{"@type":"PropertyValueSpecification","valueRequired":true,"valueName":"search_term_string"}}],"inLanguage":"fi"},{"@type":"Organization","@id":"https:\/\/taksimestari.fi\/rauma\/#organization","name":"Taksi Rauma","url":"https:\/\/taksimestari.fi\/rauma\/","logo":{"@type":"ImageObject","inLanguage":"fi","@id":"https:\/\/taksimestari.fi\/rauma\/#\/schema\/logo\/image\/","url":"https:\/\/taksimestari.fi\/rauma\/wp-content\/uploads\/sites\/3\/2021\/02\/taksimestari_logo_500-2.png","contentUrl":"https:\/\/taksimestari.fi\/rauma\/wp-content\/uploads\/sites\/3\/2021\/02\/taksimestari_logo_500-2.png","width":500,"height":383,"caption":"Taksi Rauma"},"image":{"@id":"https:\/\/taksimestari.fi\/rauma\/#\/schema\/logo\/image\/"}}]}},"_links":{"self":[{"href":"https:\/\/taksimestari.fi\/rauma\/wp-json\/wp\/v2\/pages\/287","targetHints":{"allow":["GET"]}}],"collection":[{"href":"https:\/\/taksimestari.fi\/rauma\/wp-json\/wp\/v2\/pages"}],"about":[{"href":"https:\/\/taksimestari.fi\/rauma\/wp-json\/wp\/v2\/types\/page"}],"author":[{"embeddable":true,"href":"https:\/\/taksimestari.fi\/rauma\/wp-json\/wp\/v2\/users\/1"}],"replies":[{"embeddable":true,"href":"https:\/\/taksimestari.fi\/rauma\/wp-json\/wp\/v2\/comments?post=287"}],"version-history":[{"count":50,"href":"https:\/\/taksimestari.fi\/rauma\/wp-json\/wp\/v2\/pages\/287\/revisions"}],"predecessor-version":[{"id":848,"href":"https:\/\/taksimestari.fi\/rauma\/wp-json\/wp\/v2\/pages\/287\/revisions\/848"}],"up":[{"embeddable":true,"href":"https:\/\/taksimestari.fi\/rauma\/wp-json\/wp\/v2\/pages\/277"}],"wp:attachment":[{"href":"https:\/\/taksimestari.fi\/rauma\/wp-json\/wp\/v2\/media?parent=287"}],"curies":[{"name":"wp","href":"https:\/\/api.w.org\/{rel}","templated":true}]}}